{"id":423,"date":"2011-12-18T18:31:17","date_gmt":"2011-12-18T18:31:17","guid":{"rendered":"http:\/\/modele-regionales.apbg.org\/?page_id=26"},"modified":"2026-02-10T11:04:06","modified_gmt":"2026-02-10T10:04:06","slug":"contactez-nous","status":"publish","type":"page","link":"https:\/\/limoges.apbg.fr\/?page_id=423","title":{"rendered":"Contactez-nous"},"content":{"rendered":"<p><strong>Si vous avez la moindre question sur une sortie, une activit\u00e9, comment devenir membre de l&rsquo;APBG ou toutes autres sujets, n&rsquo;h\u00e9sitez pas \u00e0 nous la poser en utilisant le formulaire ci-dessous. C&rsquo;est un formulaire de commentaire.\u00a0<\/strong><\/p>\n\n\n<p><\/p>\n","protected":false},"excerpt":{"rendered":"<p>Si vous avez la moindre question sur une sortie, une activit\u00e9, comment devenir membre de l&rsquo;APBG ou toutes autres sujets,<\/p>\n","protected":false},"author":1,"featured_media":0,"parent":0,"menu_order":30,"comment_status":"open","ping_status":"closed","template":"","meta":{"colormag_page_container_layout":"default_layout","colormag_page_sidebar_layout":"default_layout","footnotes":""},"class_list":["post-423","page","type-page","status-publish","hentry"],"_links":{"self":[{"href":"https:\/\/limoges.apbg.fr\/index.php?rest_route=\/wp\/v2\/pages\/423","targetHints":{"allow":["GET"]}}],"collection":[{"href":"https:\/\/limoges.apbg.fr\/index.php?rest_route=\/wp\/v2\/pages"}],"about":[{"href":"https:\/\/limoges.apbg.fr\/index.php?rest_route=\/wp\/v2\/types\/page"}],"author":[{"embeddable":true,"href":"https:\/\/limoges.apbg.fr\/index.php?rest_route=\/wp\/v2\/users\/1"}],"replies":[{"embeddable":true,"href":"https:\/\/limoges.apbg.fr\/index.php?rest_route=%2Fwp%2Fv2%2Fcomments&post=423"}],"version-history":[{"count":1,"href":"https:\/\/limoges.apbg.fr\/index.php?rest_route=\/wp\/v2\/pages\/423\/revisions"}],"predecessor-version":[{"id":1686,"href":"https:\/\/limoges.apbg.fr\/index.php?rest_route=\/wp\/v2\/pages\/423\/revisions\/1686"}],"wp:attachment":[{"href":"https:\/\/limoges.apbg.fr\/index.php?rest_route=%2Fwp%2Fv2%2Fmedia&parent=423"}],"curies":[{"name":"wp","href":"https:\/\/api.w.org\/{rel}","templated":true}]}}