{"id":960,"date":"2020-11-28T12:07:36","date_gmt":"2020-11-28T12:07:36","guid":{"rendered":"http:\/\/limoges.apbg.org\/?page_id=960"},"modified":"2026-02-10T11:06:06","modified_gmt":"2026-02-10T10:06:06","slug":"activites-de-la-regionale","status":"publish","type":"page","link":"https:\/\/limoges.apbg.fr\/?page_id=960","title":{"rendered":"Activit\u00e9s de la r\u00e9gionale"},"content":{"rendered":"\n<figure class=\"wp-block-image alignright size-full is-resized is-style-rounded\"><img loading=\"lazy\" decoding=\"async\" width=\"315\" height=\"274\" src=\"https:\/\/limoges.apbg.fr\/wp-content\/uploads\/2026\/02\/logo_activite.png\" alt=\"\" class=\"wp-image-337\" srcset=\"https:\/\/limoges.apbg.fr\/wp-content\/uploads\/2026\/02\/logo_activite.png 315w, https:\/\/limoges.apbg.fr\/wp-content\/uploads\/2026\/02\/logo_activite-300x261.png 300w\" sizes=\"auto, (max-width: 315px) 100vw, 315px\" \/><\/figure>\n\n\n\n<p>Une liste de lien vers les activit\u00e9s r\u00e9alis\u00e9es et propos\u00e9es par la r\u00e9gionale, par ann\u00e9e:<\/p>\n\n\n<ul class=\"wp-block-archives-list wp-block-archives\">\t<li><a href='https:\/\/limoges.apbg.fr\/?m=2026'>2026<\/a><\/li>\n\t<li><a href='https:\/\/limoges.apbg.fr\/?m=2025'>2025<\/a><\/li>\n\t<li><a href='https:\/\/limoges.apbg.fr\/?m=2024'>2024<\/a><\/li>\n\t<li><a href='https:\/\/limoges.apbg.fr\/?m=2023'>2023<\/a><\/li>\n\t<li><a href='https:\/\/limoges.apbg.fr\/?m=2022'>2022<\/a><\/li>\n\t<li><a href='https:\/\/limoges.apbg.fr\/?m=2021'>2021<\/a><\/li>\n\t<li><a href='https:\/\/limoges.apbg.fr\/?m=2020'>2020<\/a><\/li>\n\t<li><a href='https:\/\/limoges.apbg.fr\/?m=2019'>2019<\/a><\/li>\n\t<li><a href='https:\/\/limoges.apbg.fr\/?m=2018'>2018<\/a><\/li>\n\t<li><a href='https:\/\/limoges.apbg.fr\/?m=2017'>2017<\/a><\/li>\n\t<li><a href='https:\/\/limoges.apbg.fr\/?m=2016'>2016<\/a><\/li>\n\t<li><a href='https:\/\/limoges.apbg.fr\/?m=2015'>2015<\/a><\/li>\n\t<li><a href='https:\/\/limoges.apbg.fr\/?m=2014'>2014<\/a><\/li>\n\t<li><a href='https:\/\/limoges.apbg.fr\/?m=2013'>2013<\/a><\/li>\n\t<li><a href='https:\/\/limoges.apbg.fr\/?m=2012'>2012<\/a><\/li>\n<\/ul>\n\n\n<ul class=\"wp-block-list\"><\/ul>\n","protected":false},"excerpt":{"rendered":"<p>Une liste de lien vers les activit\u00e9s r\u00e9alis\u00e9es et propos\u00e9es par la r\u00e9gionale, par ann\u00e9e:<\/p>\n","protected":false},"author":1,"featured_media":0,"parent":0,"menu_order":0,"comment_status":"closed","ping_status":"closed","template":"","meta":{"colormag_page_container_layout":"default_layout","colormag_page_sidebar_layout":"default_layout","footnotes":""},"class_list":["post-960","page","type-page","status-publish","hentry"],"_links":{"self":[{"href":"https:\/\/limoges.apbg.fr\/index.php?rest_route=\/wp\/v2\/pages\/960","targetHints":{"allow":["GET"]}}],"collection":[{"href":"https:\/\/limoges.apbg.fr\/index.php?rest_route=\/wp\/v2\/pages"}],"about":[{"href":"https:\/\/limoges.apbg.fr\/index.php?rest_route=\/wp\/v2\/types\/page"}],"author":[{"embeddable":true,"href":"https:\/\/limoges.apbg.fr\/index.php?rest_route=\/wp\/v2\/users\/1"}],"replies":[{"embeddable":true,"href":"https:\/\/limoges.apbg.fr\/index.php?rest_route=%2Fwp%2Fv2%2Fcomments&post=960"}],"version-history":[{"count":2,"href":"https:\/\/limoges.apbg.fr\/index.php?rest_route=\/wp\/v2\/pages\/960\/revisions"}],"predecessor-version":[{"id":1688,"href":"https:\/\/limoges.apbg.fr\/index.php?rest_route=\/wp\/v2\/pages\/960\/revisions\/1688"}],"wp:attachment":[{"href":"https:\/\/limoges.apbg.fr\/index.php?rest_route=%2Fwp%2Fv2%2Fmedia&parent=960"}],"curies":[{"name":"wp","href":"https:\/\/api.w.org\/{rel}","templated":true}]}}